{"id":121641,"date":"2023-09-08T10:11:00","date_gmt":"2023-09-08T10:11:00","guid":{"rendered":"https:\/\/ferraritrento.preprod.g2k.it\/visitaci\/visite-in-cantina\/"},"modified":"2023-11-02T13:00:53","modified_gmt":"2023-11-02T13:00:53","slug":"winery-visit","status":"publish","type":"page","link":"https:\/\/ferraritrento.preprod.g2k.it\/en\/winery-tours\/winery-visit\/","title":{"rendered":"Winery visit"},"content":{"rendered":"<div class=\"HeadingPrimary bg-white py-16 md:py-32 heading-primary heading-primary \">\r\n    <div class=\"px-4\">\r\n        <div class=\"grid grid-cols-12  xl:px-0\">\r\n\r\n                            <div\r\n                    class=\"\r\n                col-start-1 col-end-13\r\n                lg:col-start-2 lg:col-end-13\r\n                \r\n                \">\r\n                                            <div class=\"relative flex items-start\">\r\n    <span class=\"h-[0.15rem] top-[0.7rem] left-[2px] mr-3 relative bg-gray w-[1.3rem]\"><\/span>\r\n    <p   class=\"uppercase occhiello text-gray font-normal leading-none mb-0 pb-0\">\r\n     OUR EXPERIENCE\r\n    <\/p>\r\n<\/div>\r\n                                    <\/div>\r\n            \r\n\r\n                            <div scope=\"heading\"\r\n                    class=\"\r\n                    col-start-1 col-end-13\r\n                    md:col-start-1 md:col-end-6\r\n                    lg:col-start-2 lg:col-end-7\r\n                    xl:col-start-2 xl:col-end-6\r\n                    2xl:col-start-2 2xl:col-end-6\r\n                    \r\n                    pb-8 lg:pb-0\">\r\n                    <h1   class=\"uppercase text-blacklight h1\">\r\n    Visits\r\n    <\/h1>\r\n                <\/div>\r\n            \r\n\r\n            <div scope=\"content\"\r\n                class=\"                    \r\n                    col-start-1 col-end-13\r\n                    md:col-start-7 md:col-end-13 \r\n                    lg:col-start-8 lg:col-end-12 \r\n                    xl:col-start-8 xl:col-end-12 \r\n                    2xl:col-start-8 2xl:col-end-12 \r\n\r\n                    lg:pt-2 text-blacklight\">\r\n\r\n                                    <p>Book your visit to our winery and explore the world of Ferrari,<br \/>\nchoosing among the many tours available.<\/p>\n\r\n                \r\n\r\n                \r\n                <div>\r\n                                    <\/div>\r\n            <\/div>\r\n        <\/div>\r\n    <\/div>\r\n<\/div>\r\n\n\n<div class=\"relative ImageFullWidth py-0\">\r\n        <picture>\r\n        <source srcset=\"\" media=\"(min-width: 1281px)\" \/>\r\n        <source srcset=\"\"\r\n            media=\"(min-width: 641px) and (max-width: 1280px)\" \/>\r\n        <source srcset=\"\" media=\"(max-width: 640px)\" \/>\r\n        <img decoding=\"async\" src=\"\" class=\"object-contain w-full   \"\r\n            alt=\"\">\r\n    <\/picture>\r\n<\/div>\r\n\r\n\n\n<div class=\"relative ImageFullWidth py-0\">\r\n        <picture>\r\n        <source srcset=\"https:\/\/ferraritrento.preprod.g2k.it\/wp-content\/uploads\/2023\/10\/half-img.jpg\" media=\"(min-width: 1281px)\" \/>\r\n        <source srcset=\"https:\/\/ferraritrento.preprod.g2k.it\/wp-content\/uploads\/2023\/09\/fondibottiglie.png\"\r\n            media=\"(min-width: 641px) and (max-width: 1280px)\" \/>\r\n        <source srcset=\"https:\/\/ferraritrento.preprod.g2k.it\/wp-content\/uploads\/2023\/09\/fondibottiglie.png\" media=\"(max-width: 640px)\" \/>\r\n        <img decoding=\"async\" src=\"https:\/\/ferraritrento.preprod.g2k.it\/wp-content\/uploads\/2023\/09\/fondibottiglie.png\" class=\"object-contain w-full   \"\r\n            alt=\"\">\r\n    <\/picture>\r\n<\/div>\r\n\r\n\n\n<div class=\"HeadingSecondaryTwoColumns bg-black py-16 md:py-32 heading-secondary-two-columns heading-secondary-two-columns \">\r\n    <div class=\"px-4 \">\r\n        <div class=\"grid grid-cols-12 xl:px-0\">\r\n\r\n                            <div scope=\"heading\"\r\n                    class=\"col-start-1 col-end-13 md:col-start-1 md:col-end-12 lg:col-start-2 lg:col-end-12 pb-8\">\r\n                    <h2   class=\"uppercase text-blacklight h4 text-white\">\r\n     Choose between our 5  Choose between our 5 Visits\r\n    <\/h2>\r\n                <\/div>\r\n            \r\n            \r\n\r\n                            <div scope=\"content\"\r\n                    class=\" col-start-1 col-end-13\r\n                md:col-start-1 md:col-end-6\r\n                lg:col-start-2 lg:col-end-6\r\n                xl:col-start-2 xl:col-end-6\r\n                2xl:col-start-2 2xl:col-end-6 mb-8 md:mb-0\r\n                 text-gray\">\r\n                    <p>Ferrari Trento are ready to welcome their visitors again on a journey through its centenary history. Ferrari Trento is committed to providing the safest hygienic conditions, to let the visitors enjoying their experience in tranquillity. By contacting enoteca@ferraritrento.it or telephoning 0461-972331 you can also make purchases, which we will deliver to where you are staying.<\/p>\n\r\n                <\/div>\r\n            \r\n\r\n\r\n\r\n\r\n            <div scope=\"content\"\r\n                class=\"col-start-1 col-end-13\r\n            md:col-start-7 md:col-end-12 \r\n            lg:col-start-7 lg:col-end-11 \r\n            xl:col-start-7 xl:col-end-11 \r\n            2xl:col-start-7 2xl:col-end-11  text-gray \">\r\n\r\n\r\n\r\n\r\n                                    <p>Our hospitality activities are conducted in line with the current safety regulations. For the greater protection of our guests, we request that masks<br \/>\nbe worn during visits to the winery<\/p>\n\r\n                \r\n\r\n                            <\/div>\r\n        <\/div>\r\n    <\/div>\r\n<\/div>\r\n\n\n<div class=\"VisitsShowcase  visits-showcase visits-showcase \">\n\n    <!-- Overlay Anchor -->\n    \n\n\n            <div class=\"CollectionsVisitsSingle py-16\" id=\"tour-tothemaximum\"\n    position=\"sx\">\n\n    <div class=\"px-4\">\n        <div class=\"grid grid-cols-12 items-center content-center\">\n\n                            <div class=\"col-start-1 col-end-13 lg:col-start-2 lg:col-end-6  xl:col-start-2 xl:col-end-5\">\n                    <div scope=\"title\">\n    <p class=\"uppercase font-bold text-[#B2B2B2] mb-0\">TOUR IN CANTINA<\/p>\n    <h2   class=\"uppercase h3 mb-10\">\r\n    Tour #tothemaximum\r\n    <\/h2>\r\n<\/div>\n\n\n<div scope=\"description\">\n    <p>Tour in cantina con assaggio guidato di Ferrari Maximum Blanc de Blancs Trentodoc e Ferrari Maximum Ros\u00e9 Trentodoc<\/p>\n\n<\/div>\n\n\n<div scope=\"price\">\n            <div class=\"text-2xl font-bold mb-5\">\n            22 \u20ac\n        <\/div>\n    <\/div>\n\n\n<div scope=\"buttons\">\n    <a href=\"https:\/\/ferraritrento.preprod.g2k.it\/tour-in-cantina\/tour-tothemaximum\/\" target=\"_self\" data-text=\"DISCOVER MORE\"     class=\"my-6 btn-primary btn-primary-dark \">\r\n\r\n    <span class=\"\">\r\n        DISCOVER MORE\r\n    <\/span>\r\n\r\n\r\n    \r\n<\/a>\r\n<\/div>                <\/div>\n\n                <div\n                    class=\"col-start-1 col-end-13 lg:col-start-7 lg:col-end-12 mb-6 lg:mb-0 order-first lg:order-none  \">\n                    <div scope=\"image\">\n    <picture>\n        <source srcset=\"https:\/\/ferraritrento.preprod.g2k.it\/wp-content\/uploads\/2023\/10\/Bitmap.jpg\" media=\"(min-width: 1281px)\" \/>\n        <source srcset=\"\" media=\"(min-width: 641px) and (max-width: 1280px)\" \/>\n        <source srcset=\"\" media=\"(max-width: 640px)\" \/>\n        <img decoding=\"async\" src=\"\" class=\"object-contain w-full\" alt=\"\">\n    <\/picture> \n<\/div>                <\/div>\n            \n        <\/div>\n    <\/div>\n\n<\/div>\n            <div class=\"CollectionsVisitsSingle py-16\" id=\"tour-black-and-white\"\n    position=\"dx\">\n\n    <div class=\"px-4\">\n        <div class=\"grid grid-cols-12 items-center content-center\">\n\n                            <div class=\"col-start-1 col-end-13 lg:col-start-2 lg:col-end-7 mb-6 lg:mb-0\">\n                    <div scope=\"image\">\n    <picture>\n        <source srcset=\"https:\/\/ferraritrento.preprod.g2k.it\/wp-content\/uploads\/2024\/12\/blackwhite.jpg\" media=\"(min-width: 1281px)\" \/>\n        <source srcset=\"https:\/\/ferraritrento.preprod.g2k.it\/wp-content\/uploads\/2024\/12\/blackwhite.jpg\" media=\"(min-width: 641px) and (max-width: 1280px)\" \/>\n        <source srcset=\"https:\/\/ferraritrento.preprod.g2k.it\/wp-content\/uploads\/2024\/12\/blackwhite.jpg\" media=\"(max-width: 640px)\" \/>\n        <img decoding=\"async\" src=\"https:\/\/ferraritrento.preprod.g2k.it\/wp-content\/uploads\/2024\/12\/blackwhite.jpg\" class=\"object-contain w-full\" alt=\"\">\n    <\/picture> \n<\/div>                <\/div>\n\n                <div class=\"col-start-1 col-end-13 lg:col-start-8 lg:col-end-12\">\n                    <div scope=\"title\">\n    <p class=\"uppercase font-bold text-[#B2B2B2] mb-0\">Tour<\/p>\n    <h2   class=\"uppercase h3 mb-10\">\r\n    Black&amp;White\r\n    <\/h2>\r\n<\/div>\n\n\n<div scope=\"description\">\n    <p>Tour in cantina con assaggio guidato di Ferrari Perl\u00e9 Bianco e Ferrari Perl\u00e9 Nero Trentodoc<\/p>\n\n<\/div>\n\n\n<div scope=\"price\">\n            <div class=\"text-2xl font-bold mb-5\">\n            35  \u20ac\n        <\/div>\n    <\/div>\n\n\n<div scope=\"buttons\">\n    <a href=\"https:\/\/ferraritrento.preprod.g2k.it\/tour-in-cantina\/tour\/tour-black-and-white\/\" target=\"_self\" data-text=\"DISCOVER MORE\"     class=\"my-6 btn-primary btn-primary-dark \">\r\n\r\n    <span class=\"\">\r\n        DISCOVER MORE\r\n    <\/span>\r\n\r\n\r\n    \r\n<\/a>\r\n<\/div>                <\/div>\n            \n        <\/div>\n    <\/div>\n\n<\/div>\n            <div class=\"CollectionsVisitsSingle py-16\" id=\"tour-rinascimento\"\n    position=\"sx\">\n\n    <div class=\"px-4\">\n        <div class=\"grid grid-cols-12 items-center content-center\">\n\n                            <div class=\"col-start-1 col-end-13 lg:col-start-2 lg:col-end-6  xl:col-start-2 xl:col-end-5\">\n                    <div scope=\"title\">\n    <p class=\"uppercase font-bold text-[#B2B2B2] mb-0\">TOUR IN CANTINA<\/p>\n    <h2   class=\"uppercase h3 mb-10\">\r\n    Tour Rinascimento\r\n    <\/h2>\r\n<\/div>\n\n\n<div scope=\"description\">\n    <p>Un tour molto esclusivo che permetter\u00e0 di degustare le creazioni della Famiglia Lunelli nella cinquecentesca Villa Margon, sede di rappresentanza del Gruppo.<\/p>\n\n<\/div>\n\n\n<div scope=\"price\">\n            <div class=\"text-2xl font-bold mb-5\">\n            150 \u20ac\n        <\/div>\n    <\/div>\n\n\n<div scope=\"buttons\">\n    <a href=\"https:\/\/ferraritrento.preprod.g2k.it\/tour-in-cantina\/tour-rinascimento\/\" target=\"_self\" data-text=\"DISCOVER MORE\"     class=\"my-6 btn-primary btn-primary-dark \">\r\n\r\n    <span class=\"\">\r\n        DISCOVER MORE\r\n    <\/span>\r\n\r\n\r\n    \r\n<\/a>\r\n<\/div>                <\/div>\n\n                <div\n                    class=\"col-start-1 col-end-13 lg:col-start-7 lg:col-end-12 mb-6 lg:mb-0 order-first lg:order-none  \">\n                    <div scope=\"image\">\n    <picture>\n        <source srcset=\"https:\/\/ferraritrento.preprod.g2k.it\/wp-content\/uploads\/2023\/10\/2Bitmap.jpg\" media=\"(min-width: 1281px)\" \/>\n        <source srcset=\"\" media=\"(min-width: 641px) and (max-width: 1280px)\" \/>\n        <source srcset=\"\" media=\"(max-width: 640px)\" \/>\n        <img decoding=\"async\" src=\"\" class=\"object-contain w-full\" alt=\"\">\n    <\/picture> \n<\/div>                <\/div>\n            \n        <\/div>\n    <\/div>\n\n<\/div>\n            <div class=\"CollectionsVisitsSingle py-16\" id=\"le-grandi-riserve\"\n    position=\"dx\">\n\n    <div class=\"px-4\">\n        <div class=\"grid grid-cols-12 items-center content-center\">\n\n                            <div class=\"col-start-1 col-end-13 lg:col-start-2 lg:col-end-7 mb-6 lg:mb-0\">\n                    <div scope=\"image\">\n    <picture>\n        <source srcset=\"https:\/\/ferraritrento.preprod.g2k.it\/wp-content\/uploads\/2025\/12\/Tour_Grandi_Riserve.jpg\" media=\"(min-width: 1281px)\" \/>\n        <source srcset=\"https:\/\/ferraritrento.preprod.g2k.it\/wp-content\/uploads\/2025\/12\/Tour_Grandi_Riserve.jpg\" media=\"(min-width: 641px) and (max-width: 1280px)\" \/>\n        <source srcset=\"https:\/\/ferraritrento.preprod.g2k.it\/wp-content\/uploads\/2025\/12\/Tour_Grandi_Riserve.jpg\" media=\"(max-width: 640px)\" \/>\n        <img decoding=\"async\" src=\"https:\/\/ferraritrento.preprod.g2k.it\/wp-content\/uploads\/2025\/12\/Tour_Grandi_Riserve.jpg\" class=\"object-contain w-full\" alt=\"\">\n    <\/picture> \n<\/div>                <\/div>\n\n                <div class=\"col-start-1 col-end-13 lg:col-start-8 lg:col-end-12\">\n                    <div scope=\"title\">\n    <p class=\"uppercase font-bold text-[#B2B2B2] mb-0\">Tour<\/p>\n    <h2   class=\"uppercase h3 mb-10\">\r\n    Grandi Riserve\r\n    <\/h2>\r\n<\/div>\n\n\n<div scope=\"description\">\n    <p>Tour in cantina con assaggio guidato di Perl\u00e9 Nero, Riserva Lunelli, Giulio Ferrari e Giulio Ferrari Ros\u00e9.<\/p>\n\n<\/div>\n\n\n<div scope=\"price\">\n            <div class=\"text-2xl font-bold mb-5\">\n            85 \u20ac\n        <\/div>\n    <\/div>\n\n\n<div scope=\"buttons\">\n    <a href=\"https:\/\/ferraritrento.preprod.g2k.it\/tour-in-cantina\/tour\/le-grandi-riserve\/\" target=\"_self\" data-text=\"DISCOVER MORE\"     class=\"my-6 btn-primary btn-primary-dark \">\r\n\r\n    <span class=\"\">\r\n        DISCOVER MORE\r\n    <\/span>\r\n\r\n\r\n    \r\n<\/a>\r\n<\/div>                <\/div>\n            \n        <\/div>\n    <\/div>\n\n<\/div>\n            <div class=\"CollectionsVisitsSingle py-16\" id=\"trilogia-perle\"\n    position=\"sx\">\n\n    <div class=\"px-4\">\n        <div class=\"grid grid-cols-12 items-center content-center\">\n\n                            <div class=\"col-start-1 col-end-13 lg:col-start-2 lg:col-end-6  xl:col-start-2 xl:col-end-5\">\n                    <div scope=\"title\">\n    <p class=\"uppercase font-bold text-[#B2B2B2] mb-0\">Tour<\/p>\n    <h2   class=\"uppercase h3 mb-10\">\r\n    Trilogia Perl\u00e9\r\n    <\/h2>\r\n<\/div>\n\n\n<div scope=\"description\">\n    <p>Tour in cantina con assaggio guidato di Ferrari Perl\u00e9, Ferrari Perl\u00e9 Ros\u00e9 e Ferrari Perl\u00e9 Zero Trentodoc.<\/p>\n\n<\/div>\n\n\n<div scope=\"price\">\n            <div class=\"text-2xl font-bold mb-5\">\n            45 \u20ac\n        <\/div>\n    <\/div>\n\n\n<div scope=\"buttons\">\n    <a href=\"https:\/\/ferraritrento.preprod.g2k.it\/tour-in-cantina\/tour\/trilogia-perle\/\" target=\"_self\" data-text=\"DISCOVER MORE\"     class=\"my-6 btn-primary btn-primary-dark \">\r\n\r\n    <span class=\"\">\r\n        DISCOVER MORE\r\n    <\/span>\r\n\r\n\r\n    \r\n<\/a>\r\n<\/div>                <\/div>\n\n                <div\n                    class=\"col-start-1 col-end-13 lg:col-start-7 lg:col-end-12 mb-6 lg:mb-0 order-first lg:order-none  \">\n                    <div scope=\"image\">\n    <picture>\n        <source srcset=\"https:\/\/ferraritrento.preprod.g2k.it\/wp-content\/uploads\/2024\/12\/trilogia-perle.jpg\" media=\"(min-width: 1281px)\" \/>\n        <source srcset=\"https:\/\/ferraritrento.preprod.g2k.it\/wp-content\/uploads\/2024\/12\/trilogia-perle.jpg\" media=\"(min-width: 641px) and (max-width: 1280px)\" \/>\n        <source srcset=\"https:\/\/ferraritrento.preprod.g2k.it\/wp-content\/uploads\/2024\/12\/trilogia-perle.jpg\" media=\"(max-width: 640px)\" \/>\n        <img decoding=\"async\" src=\"https:\/\/ferraritrento.preprod.g2k.it\/wp-content\/uploads\/2024\/12\/trilogia-perle.jpg\" class=\"object-contain w-full\" alt=\"\">\n    <\/picture> \n<\/div>                <\/div>\n            \n        <\/div>\n    <\/div>\n\n<\/div>\n    \n<\/div>\n\n\n<div class=\"relative ImageFullWidth py-0\">\r\n        <picture>\r\n        <source srcset=\"https:\/\/ferraritrento.preprod.g2k.it\/wp-content\/uploads\/2023\/09\/half-img-3.jpg\" media=\"(min-width: 1281px)\" \/>\r\n        <source srcset=\"\"\r\n            media=\"(min-width: 641px) and (max-width: 1280px)\" \/>\r\n        <source srcset=\"\" media=\"(max-width: 640px)\" \/>\r\n        <img decoding=\"async\" src=\"\" class=\"object-contain w-full   \"\r\n            alt=\"\">\r\n    <\/picture>\r\n<\/div>\r\n\r\n\n\n<div class=\"relative ImageFullWidth py-0\">\r\n        <picture>\r\n        <source srcset=\"\" media=\"(min-width: 1281px)\" \/>\r\n        <source srcset=\"\"\r\n            media=\"(min-width: 641px) and (max-width: 1280px)\" \/>\r\n        <source srcset=\"\" media=\"(max-width: 640px)\" \/>\r\n        <img decoding=\"async\" src=\"\" class=\"object-contain w-full   \"\r\n            alt=\"\">\r\n    <\/picture>\r\n<\/div>\r\n\r\n\n\n<div class=\"TextCentred  bg-[#000]  py-16 md:py-32 text-centred text-centred \">\r\n    <div class=\"mx-auto container\">\r\n        <div class=\"grid grid-cols-12 gap-x-4 px-4 xl:px-0\">\r\n\r\n            \r\n\r\n            <div scope=\"content\" class=\"col-start-1 col-end-13 xl:col-start-4 xl:col-end-10 mt-7 text-center\">\r\n\r\n                            <\/div>\r\n\r\n            <div class=\"col-start-1 col-end-13 pb-8 text-center\" >\r\n                                     <div class=\"md:flex justify-center\">\r\n                    <a href=\"https:\/\/ferraritrento.preprod.g2k.it\/en\/our-experience\/\" target=\"\" data-text=\"back to our experience\"     class=\"mb-4 md:mx-4 btn-primary-light btn-primary \">\r\n\r\n    <span class=\"\">\r\n        back to our experience\r\n    <\/span>\r\n\r\n\r\n    \r\n<\/a>\r\n    <\/div>\r\n\r\n\r\n <script>\r\n   function toggleModal() {\r\n        document.getElementById('modal').classList.toggle('hidden');\r\n\r\n         document.getElementsByTagName(\"body\")[0].classList.toggle('hidden-body');\r\n        if (document.body.classList.contains('hidden-body')) {\r\n            document.querySelector(\"header\").style.display = \"none\";\r\n        }\r\n        \r\n    }\r\n<\/script> \r\n                            <\/div>\r\n        <\/div>\r\n    <\/div>\r\n<\/div>\r\n","protected":false},"excerpt":{"rendered":"","protected":false},"author":1,"featured_media":0,"parent":121508,"menu_order":0,"comment_status":"closed","ping_status":"closed","template":"","meta":{"_acf_changed":false,"inline_featured_image":false,"footnotes":""},"acf":[],"yoast_head":"<!-- This site is optimized with the Yoast SEO plugin v22.7 - https:\/\/yoast.com\/wordpress\/plugins\/seo\/ -->\n<title>Winery visit - Ferrari Trento<\/title>\n<meta name=\"robots\" content=\"index, follow, max-snippet:-1, max-image-preview:large, max-video-preview:-1\" \/>\n<link rel=\"canonical\" href=\"https:\/\/ferraritrento.preprod.g2k.it\/en\/winery-tours\/winery-visit\/\" \/>\n<meta property=\"og:locale\" content=\"en_US\" \/>\n<meta property=\"og:type\" content=\"article\" \/>\n<meta property=\"og:title\" content=\"Winery visit - Ferrari Trento\" \/>\n<meta property=\"og:url\" content=\"https:\/\/ferraritrento.preprod.g2k.it\/en\/winery-tours\/winery-visit\/\" \/>\n<meta property=\"og:site_name\" content=\"Ferrari Trento\" \/>\n<meta property=\"article:modified_time\" content=\"2023-11-02T13:00:53+00:00\" \/>\n<meta name=\"twitter:card\" content=\"summary_large_image\" \/>\n<script type=\"application\/ld+json\" class=\"yoast-schema-graph\">{\"@context\":\"https:\/\/schema.org\",\"@graph\":[{\"@type\":\"WebPage\",\"@id\":\"https:\/\/ferraritrento.preprod.g2k.it\/en\/winery-tours\/winery-visit\/\",\"url\":\"https:\/\/ferraritrento.preprod.g2k.it\/en\/winery-tours\/winery-visit\/\",\"name\":\"Winery visit - Ferrari Trento\",\"isPartOf\":{\"@id\":\"http:\/\/ferraritrento23.loc:7888\/#website\"},\"datePublished\":\"2023-09-08T10:11:00+00:00\",\"dateModified\":\"2023-11-02T13:00:53+00:00\",\"breadcrumb\":{\"@id\":\"https:\/\/ferraritrento.preprod.g2k.it\/en\/winery-tours\/winery-visit\/#breadcrumb\"},\"inLanguage\":\"en\",\"potentialAction\":[{\"@type\":\"ReadAction\",\"target\":[\"https:\/\/ferraritrento.preprod.g2k.it\/en\/winery-tours\/winery-visit\/\"]}]},{\"@type\":\"BreadcrumbList\",\"@id\":\"https:\/\/ferraritrento.preprod.g2k.it\/en\/winery-tours\/winery-visit\/#breadcrumb\",\"itemListElement\":[{\"@type\":\"ListItem\",\"position\":1,\"name\":\"Home\",\"item\":\"https:\/\/ferraritrento.preprod.g2k.it\/en\/\"},{\"@type\":\"ListItem\",\"position\":2,\"name\":\"Winery tours\",\"item\":\"https:\/\/ferraritrento.preprod.g2k.it\/en\/winery-tours\/\"},{\"@type\":\"ListItem\",\"position\":3,\"name\":\"Winery visit\"}]},{\"@type\":\"WebSite\",\"@id\":\"http:\/\/ferraritrento23.loc:7888\/#website\",\"url\":\"http:\/\/ferraritrento23.loc:7888\/\",\"name\":\"Ferrari Trento\",\"description\":\"\",\"publisher\":{\"@id\":\"http:\/\/ferraritrento23.loc:7888\/#organization\"},\"potentialAction\":[{\"@type\":\"SearchAction\",\"target\":{\"@type\":\"EntryPoint\",\"urlTemplate\":\"http:\/\/ferraritrento23.loc:7888\/?s={search_term_string}\"},\"query-input\":\"required name=search_term_string\"}],\"inLanguage\":\"en\"},{\"@type\":\"Organization\",\"@id\":\"http:\/\/ferraritrento23.loc:7888\/#organization\",\"name\":\"Ferrari Trento\",\"url\":\"http:\/\/ferraritrento23.loc:7888\/\",\"logo\":{\"@type\":\"ImageObject\",\"inLanguage\":\"en\",\"@id\":\"http:\/\/ferraritrento23.loc:7888\/#\/schema\/logo\/image\/\",\"url\":\"https:\/\/ferraritrento.preprod.g2k.it\/wp-content\/uploads\/2023\/07\/logo_ferrari.svg\",\"contentUrl\":\"https:\/\/ferraritrento.preprod.g2k.it\/wp-content\/uploads\/2023\/07\/logo_ferrari.svg\",\"width\":173,\"height\":35,\"caption\":\"Ferrari Trento\"},\"image\":{\"@id\":\"http:\/\/ferraritrento23.loc:7888\/#\/schema\/logo\/image\/\"}}]}<\/script>\n<!-- \/ Yoast SEO plugin. -->","yoast_head_json":{"title":"Winery visit - Ferrari Trento","robots":{"index":"index","follow":"follow","max-snippet":"max-snippet:-1","max-image-preview":"max-image-preview:large","max-video-preview":"max-video-preview:-1"},"canonical":"https:\/\/ferraritrento.preprod.g2k.it\/en\/winery-tours\/winery-visit\/","og_locale":"en_US","og_type":"article","og_title":"Winery visit - Ferrari Trento","og_url":"https:\/\/ferraritrento.preprod.g2k.it\/en\/winery-tours\/winery-visit\/","og_site_name":"Ferrari Trento","article_modified_time":"2023-11-02T13:00:53+00:00","twitter_card":"summary_large_image","schema":{"@context":"https:\/\/schema.org","@graph":[{"@type":"WebPage","@id":"https:\/\/ferraritrento.preprod.g2k.it\/en\/winery-tours\/winery-visit\/","url":"https:\/\/ferraritrento.preprod.g2k.it\/en\/winery-tours\/winery-visit\/","name":"Winery visit - Ferrari Trento","isPartOf":{"@id":"http:\/\/ferraritrento23.loc:7888\/#website"},"datePublished":"2023-09-08T10:11:00+00:00","dateModified":"2023-11-02T13:00:53+00:00","breadcrumb":{"@id":"https:\/\/ferraritrento.preprod.g2k.it\/en\/winery-tours\/winery-visit\/#breadcrumb"},"inLanguage":"en","potentialAction":[{"@type":"ReadAction","target":["https:\/\/ferraritrento.preprod.g2k.it\/en\/winery-tours\/winery-visit\/"]}]},{"@type":"BreadcrumbList","@id":"https:\/\/ferraritrento.preprod.g2k.it\/en\/winery-tours\/winery-visit\/#breadcrumb","itemListElement":[{"@type":"ListItem","position":1,"name":"Home","item":"https:\/\/ferraritrento.preprod.g2k.it\/en\/"},{"@type":"ListItem","position":2,"name":"Winery tours","item":"https:\/\/ferraritrento.preprod.g2k.it\/en\/winery-tours\/"},{"@type":"ListItem","position":3,"name":"Winery visit"}]},{"@type":"WebSite","@id":"http:\/\/ferraritrento23.loc:7888\/#website","url":"http:\/\/ferraritrento23.loc:7888\/","name":"Ferrari Trento","description":"","publisher":{"@id":"http:\/\/ferraritrento23.loc:7888\/#organization"},"potentialAction":[{"@type":"SearchAction","target":{"@type":"EntryPoint","urlTemplate":"http:\/\/ferraritrento23.loc:7888\/?s={search_term_string}"},"query-input":"required name=search_term_string"}],"inLanguage":"en"},{"@type":"Organization","@id":"http:\/\/ferraritrento23.loc:7888\/#organization","name":"Ferrari Trento","url":"http:\/\/ferraritrento23.loc:7888\/","logo":{"@type":"ImageObject","inLanguage":"en","@id":"http:\/\/ferraritrento23.loc:7888\/#\/schema\/logo\/image\/","url":"https:\/\/ferraritrento.preprod.g2k.it\/wp-content\/uploads\/2023\/07\/logo_ferrari.svg","contentUrl":"https:\/\/ferraritrento.preprod.g2k.it\/wp-content\/uploads\/2023\/07\/logo_ferrari.svg","width":173,"height":35,"caption":"Ferrari Trento"},"image":{"@id":"http:\/\/ferraritrento23.loc:7888\/#\/schema\/logo\/image\/"}}]}},"_links":{"self":[{"href":"https:\/\/ferraritrento.preprod.g2k.it\/en\/wp-json\/wp\/v2\/pages\/121641"}],"collection":[{"href":"https:\/\/ferraritrento.preprod.g2k.it\/en\/wp-json\/wp\/v2\/pages"}],"about":[{"href":"https:\/\/ferraritrento.preprod.g2k.it\/en\/wp-json\/wp\/v2\/types\/page"}],"author":[{"embeddable":true,"href":"https:\/\/ferraritrento.preprod.g2k.it\/en\/wp-json\/wp\/v2\/users\/1"}],"replies":[{"embeddable":true,"href":"https:\/\/ferraritrento.preprod.g2k.it\/en\/wp-json\/wp\/v2\/comments?post=121641"}],"version-history":[{"count":0,"href":"https:\/\/ferraritrento.preprod.g2k.it\/en\/wp-json\/wp\/v2\/pages\/121641\/revisions"}],"up":[{"embeddable":true,"href":"https:\/\/ferraritrento.preprod.g2k.it\/en\/wp-json\/wp\/v2\/pages\/121508"}],"wp:attachment":[{"href":"https:\/\/ferraritrento.preprod.g2k.it\/en\/wp-json\/wp\/v2\/media?parent=121641"}],"curies":[{"name":"wp","href":"https:\/\/api.w.org\/{rel}","templated":true}]}}