{"id":128327,"date":"2025-06-20T12:41:59","date_gmt":"2025-06-20T12:41:59","guid":{"rendered":"https:\/\/ferraritrento.preprod.g2k.it\/?page_id=128327"},"modified":"2026-01-26T11:39:39","modified_gmt":"2026-01-26T11:39:39","slug":"paths-through-beauty-and-excellence","status":"publish","type":"page","link":"https:\/\/ferraritrento.preprod.g2k.it\/en\/paths-through-beauty-and-excellence\/","title":{"rendered":"Paths through Beauty and Excellence"},"content":{"rendered":"<div class=\"HeadingPrimary bg-white pb-16 pt-32 heading-primary heading-primary \">\r\n    <div class=\"px-4\">\r\n        <div class=\"grid grid-cols-12  xl:px-0\">\r\n\r\n                            <div\r\n                    class=\"\r\n                col-start-1 col-end-13\r\n                lg:col-start-2 lg:col-end-13\r\n                \r\n                \">\r\n                                            <div class=\"relative flex items-start\">\r\n    <span class=\"h-[0.15rem] top-[0.7rem] left-[2px] mr-3 relative bg-gray w-[1.3rem]\"><\/span>\r\n    <p   class=\"uppercase occhiello text-gray font-normal leading-none mb-0 pb-0\">\r\n    Esperienze e tour\r\n    <\/p>\r\n<\/div>\r\n                                    <\/div>\r\n            \r\n\r\n                            <div scope=\"heading\"\r\n                    class=\"\r\n                    col-start-1 col-end-13\r\n                    md:col-start-1 md:col-end-6\r\n                    lg:col-start-2 lg:col-end-7\r\n                    xl:col-start-2 xl:col-end-6\r\n                    2xl:col-start-2 2xl:col-end-6\r\n                    \r\n                    pb-8 lg:pb-0\">\r\n                    <h2   class=\"uppercase text-blacklight h3\">\r\n    I Percorsi del Bello e del Buono\r\n    <\/h2>\r\n                <\/div>\r\n            \r\n\r\n            <div scope=\"content\"\r\n                class=\"                    \r\n                    col-start-1 col-end-13\r\n                    md:col-start-7 md:col-end-13 \r\n                    lg:col-start-8 lg:col-end-12 \r\n                    xl:col-start-8 xl:col-end-12 \r\n                    2xl:col-start-8 2xl:col-end-12 \r\n\r\n                    lg:pt-2 text-blacklight\">\r\n\r\n                                    <p>Il fascino della scoperta dei segreti delle Cantine Ferrari, lo stupore nell\u2019osservare gli affreschi di Villa Margon e il piacere nel degustare i piatti dello Chef Edoardo Fumagalli di Locanda Margon.<\/p>\n<p>Scegli tra i diversi percorsi del Bello e del Buono disponibili!<\/p>\n\r\n                \r\n\r\n                \r\n                <div>\r\n                                    <\/div>\r\n            <\/div>\r\n        <\/div>\r\n    <\/div>\r\n<\/div>\r\n\n\n<div class=\"VisitsShowcase  visits-showcase visits-showcase \">\n\n    <!-- Overlay Anchor -->\n    \n\n\n            <div class=\"CollectionsVisitsSingle py-16\" id=\"il-bistrot\"\n    position=\"sx\">\n\n    <div class=\"px-4\">\n        <div class=\"grid grid-cols-12 items-center content-center\">\n\n                            <div class=\"col-start-1 col-end-13 lg:col-start-2 lg:col-end-6  xl:col-start-2 xl:col-end-5\">\n                    <div scope=\"title\">\n    <p class=\"uppercase font-bold text-[#B2B2B2] mb-0\">Tour del bello e del buono<\/p>\n    <h2   class=\"uppercase h3 mb-10\">\r\n    Bistrot\r\n    <\/h2>\r\n<\/div>\n\n\n<div scope=\"description\">\n    <p class=\"xxxxxxmsonormal\"><span class=\"ui-provider\">Tour in cantina e assaggio guidato di Ferrari Perl\u00e9 Bianco e di Ferrari Perl\u00e9 Nero.<\/span> <span class=\"ui-provider\">Pranzo o cena a Locanda Margon presso il Bistrot.<\/span> <span class=\"ui-provider\">Possibilit\u00e0 di visita a Villa Margon<\/span><\/p>\n\n<\/div>\n\n\n<div scope=\"price\">\n            <div class=\"text-2xl font-bold mb-5\">\n            105 \u20ac\n        <\/div>\n    <\/div>\n\n\n<div scope=\"buttons\">\n    <a href=\"https:\/\/ferraritrento.preprod.g2k.it\/tour-in-cantina\/tour-del-bello-e-del-buono\/il-bistrot\/\" target=\"_self\" data-text=\"DISCOVER MORE\"     class=\"my-6 btn-primary btn-primary-dark \">\r\n\r\n    <span class=\"\">\r\n        DISCOVER MORE\r\n    <\/span>\r\n\r\n\r\n    \r\n<\/a>\r\n<\/div>                <\/div>\n\n                <div\n                    class=\"col-start-1 col-end-13 lg:col-start-7 lg:col-end-12 mb-6 lg:mb-0 order-first lg:order-none  \">\n                    <div scope=\"image\">\n    <picture>\n        <source srcset=\"https:\/\/ferraritrento.preprod.g2k.it\/wp-content\/uploads\/2025\/03\/A7R06847-copia-scaled.jpeg\" media=\"(min-width: 1281px)\" \/>\n        <source srcset=\"https:\/\/ferraritrento.preprod.g2k.it\/wp-content\/uploads\/2025\/03\/A7R06847-copia-scaled.jpeg\" media=\"(min-width: 641px) and (max-width: 1280px)\" \/>\n        <source srcset=\"https:\/\/ferraritrento.preprod.g2k.it\/wp-content\/uploads\/2025\/03\/A7R06847-copia-scaled.jpeg\" media=\"(max-width: 640px)\" \/>\n        <img decoding=\"async\" src=\"https:\/\/ferraritrento.preprod.g2k.it\/wp-content\/uploads\/2025\/03\/A7R06847-copia-scaled.jpeg\" class=\"object-contain w-full\" alt=\"\">\n    <\/picture> \n<\/div>                <\/div>\n            \n        <\/div>\n    <\/div>\n\n<\/div>\n            <div class=\"CollectionsVisitsSingle py-16\" id=\"grandi-riserve\"\n    position=\"dx\">\n\n    <div class=\"px-4\">\n        <div class=\"grid grid-cols-12 items-center content-center\">\n\n                            <div class=\"col-start-1 col-end-13 lg:col-start-2 lg:col-end-7 mb-6 lg:mb-0\">\n                    <div scope=\"image\">\n    <picture>\n        <source srcset=\"https:\/\/ferraritrento.preprod.g2k.it\/wp-content\/uploads\/2024\/12\/grandi-riserve.jpg\" media=\"(min-width: 1281px)\" \/>\n        <source srcset=\"https:\/\/ferraritrento.preprod.g2k.it\/wp-content\/uploads\/2024\/12\/grandi-riserve.jpg\" media=\"(min-width: 641px) and (max-width: 1280px)\" \/>\n        <source srcset=\"https:\/\/ferraritrento.preprod.g2k.it\/wp-content\/uploads\/2024\/12\/grandi-riserve.jpg\" media=\"(max-width: 640px)\" \/>\n        <img decoding=\"async\" src=\"https:\/\/ferraritrento.preprod.g2k.it\/wp-content\/uploads\/2024\/12\/grandi-riserve.jpg\" class=\"object-contain w-full\" alt=\"\">\n    <\/picture> \n<\/div>                <\/div>\n\n                <div class=\"col-start-1 col-end-13 lg:col-start-8 lg:col-end-12\">\n                    <div scope=\"title\">\n    <p class=\"uppercase font-bold text-[#B2B2B2] mb-0\">Tour del bello e del buono<\/p>\n    <h2   class=\"uppercase h3 mb-10\">\r\n    Grandi Riserve\r\n    <\/h2>\r\n<\/div>\n\n\n<div scope=\"description\">\n    <p>Tour in cantina con assaggio guidato di Ferrari Perl\u00e9 Nero, Ferrari Riserva Lunelli, Giulio Ferrari Riserva del Fondatore e Giulio Ferrari Ros\u00e9. Pranzo o cena in Locanda Margon con il men\u00f9 Assaggi di Gusto. Possibilit\u00e0 di visita a Villa Margon.<\/p>\n\n<\/div>\n\n\n<div scope=\"price\">\n            <div class=\"text-2xl font-bold mb-5\">\n            165,00 \u20ac\n        <\/div>\n    <\/div>\n\n\n<div scope=\"buttons\">\n    <a href=\"https:\/\/ferraritrento.preprod.g2k.it\/tour-in-cantina\/tour-del-bello-e-del-buono\/grandi-riserve\/\" target=\"_self\" data-text=\"DISCOVER MORE\"     class=\"my-6 btn-primary btn-primary-dark \">\r\n\r\n    <span class=\"\">\r\n        DISCOVER MORE\r\n    <\/span>\r\n\r\n\r\n    \r\n<\/a>\r\n<\/div>                <\/div>\n            \n        <\/div>\n    <\/div>\n\n<\/div>\n            <div class=\"CollectionsVisitsSingle py-16\" id=\"gourmet-straordinario-trentino\"\n    position=\"sx\">\n\n    <div class=\"px-4\">\n        <div class=\"grid grid-cols-12 items-center content-center\">\n\n                            <div class=\"col-start-1 col-end-13 lg:col-start-2 lg:col-end-6  xl:col-start-2 xl:col-end-5\">\n                    <div scope=\"title\">\n    <p class=\"uppercase font-bold text-[#B2B2B2] mb-0\">Tour del bello e del buono<\/p>\n    <h2   class=\"uppercase h3 mb-10\">\r\n    Gourmet\r\n    <\/h2>\r\n<\/div>\n\n\n<div scope=\"description\">\n    <p class=\"xxxxxxmsonormal\"><span class=\"ui-provider\">Tour in cantina e <\/span>a<span class=\"ui-provider\">ssaggio guidato di Ferrari Perl\u00e9 Nero, Riserva Lunelli e Giulio Ferrari e Giulio Ferrari Ros\u00e9.<br \/>\n<\/span><span class=\"ui-provider\">Pranzo o cena presso Locanda Margon nel Salotto Gourmet\u00a0con il men\u00f9 \u201cPassione e Bollicine\u201d.<\/span><br \/>\n<span class=\"ui-provider\">Possibilit\u00e0 di visita a Villa Margon.<\/span><u><\/u><\/p>\n\n<\/div>\n\n\n<div scope=\"price\">\n            <div class=\"text-2xl font-bold mb-5\">\n            305 \u20ac\n        <\/div>\n    <\/div>\n\n\n<div scope=\"buttons\">\n    <a href=\"https:\/\/ferraritrento.preprod.g2k.it\/tour-in-cantina\/tour-del-bello-e-del-buono\/gourmet-straordinario-trentino\/\" target=\"_self\" data-text=\"DISCOVER MORE\"     class=\"my-6 btn-primary btn-primary-dark \">\r\n\r\n    <span class=\"\">\r\n        DISCOVER MORE\r\n    <\/span>\r\n\r\n\r\n    \r\n<\/a>\r\n<\/div>                <\/div>\n\n                <div\n                    class=\"col-start-1 col-end-13 lg:col-start-7 lg:col-end-12 mb-6 lg:mb-0 order-first lg:order-none  \">\n                    <div scope=\"image\">\n    <picture>\n        <source srcset=\"https:\/\/ferraritrento.preprod.g2k.it\/wp-content\/uploads\/2024\/12\/gourmet.jpg\" media=\"(min-width: 1281px)\" \/>\n        <source srcset=\"https:\/\/ferraritrento.preprod.g2k.it\/wp-content\/uploads\/2024\/12\/gourmet.jpg\" media=\"(min-width: 641px) and (max-width: 1280px)\" \/>\n        <source srcset=\"https:\/\/ferraritrento.preprod.g2k.it\/wp-content\/uploads\/2024\/12\/gourmet.jpg\" media=\"(max-width: 640px)\" \/>\n        <img decoding=\"async\" src=\"https:\/\/ferraritrento.preprod.g2k.it\/wp-content\/uploads\/2024\/12\/gourmet.jpg\" class=\"object-contain w-full\" alt=\"\">\n    <\/picture> \n<\/div>                <\/div>\n            \n        <\/div>\n    <\/div>\n\n<\/div>\n    \n<\/div>\n\n\n<div class=\"HeadingPrimary bg-white py-16 md:py-32 heading-primary heading-primary \">\r\n    <div class=\"px-4\">\r\n        <div class=\"grid grid-cols-12  xl:px-0\">\r\n\r\n                            <div\r\n                    class=\"\r\n                col-start-1 col-end-13\r\n                lg:col-start-2 lg:col-end-13\r\n                \r\n                \">\r\n                                            <div class=\"relative flex items-start\">\r\n    <span class=\"h-[0.15rem] top-[0.7rem] left-[2px] mr-3 relative bg-gray w-[1.3rem]\"><\/span>\r\n    <p   class=\"uppercase occhiello text-gray font-normal leading-none mb-0 pb-0\">\r\n    Celebrating\r\n    <\/p>\r\n<\/div>\r\n                                    <\/div>\r\n            \r\n\r\n                            <div scope=\"heading\"\r\n                    class=\"\r\n                    col-start-1 col-end-13\r\n                    md:col-start-1 md:col-end-6\r\n                    lg:col-start-2 lg:col-end-7\r\n                    xl:col-start-2 xl:col-end-6\r\n                    2xl:col-start-2 2xl:col-end-6\r\n                    \r\n                    pb-8 lg:pb-0\">\r\n                    <h1   class=\"uppercase text-blacklight h2\">\r\n    LE NOSTRE ESPERIENZE\r\n    <\/h1>\r\n                <\/div>\r\n            \r\n\r\n            <div scope=\"content\"\r\n                class=\"                    \r\n                    col-start-1 col-end-13\r\n                    md:col-start-7 md:col-end-13 \r\n                    lg:col-start-8 lg:col-end-12 \r\n                    xl:col-start-8 xl:col-end-12 \r\n                    2xl:col-start-8 2xl:col-end-12 \r\n\r\n                    lg:pt-2 text-blacklight\">\r\n\r\n                                    <p>Visitare le Cantine Ferrari significa scoprire la loro storia pi\u00f9 che centenaria, vedere i luoghi dove vengono prodotti i pluripremiati Trentodoc, camminare nel buio e nel silenzio delle affascinanti cantine, apprendere il metodo di produzione delle bollicine italiane per eccellenza e soprattutto degustarle!<\/p>\n\r\n                \r\n\r\n                \r\n                <div>\r\n                                    <\/div>\r\n            <\/div>\r\n        <\/div>\r\n    <\/div>\r\n<\/div>\r\n\n\n<div class=\" CardsWithImage bg-[#191919] py-16 md:py-32 cards-with-image cards-with-image \">\n    <div class=\"px-4 \">\n        <div class=\"grid grid-cols-12 lg:px-0\">\n                            <div\n                    class=\"col-start-1 col-end-13 md:col-start-1 md:col-end-13 lg:col-start-2 lg:col-end-12 xl:col-start-2 xl:col-end-12\">\n                    <div\n                        class=\"col-start-1 col-end-13 md:col-start-1 md:col-end-12 lg:col-start-2 lg:col-end-12 xl:col-start-2 xl:col-end-12 mb-16\">\n\n                        <h2   class=\"uppercase text-white h3\">\r\n    DISCOVER ALSO\u2026\r\n    <\/h2>\r\n                    <\/div>\n                <\/div>\n            \n\n            <div class=\"grid grid-cols-1 md:grid-cols-2 col-start-1 col-end-13 md:col-start-2 md:col-end-12 md:gap-10  xl:gap-20 \">\n                                    \n                    <div class=\" mb-10 overflow-hidden\">\n    <div class=\"h-full bg-white flex flex-col \">\n        <picture class=\"\">\n            <source srcset=\"https:\/\/ferraritrento.preprod.g2k.it\/wp-content\/uploads\/2023\/10\/Villa-Margon-1-1.png\" media=\"(min-width: 1281px)\" \/>\n            <source srcset=\"https:\/\/ferraritrento.preprod.g2k.it\/wp-content\/uploads\/2023\/10\/Villa-Margon-1-1.png\"\n                media=\"(min-width: 641px) and (max-width: 1280px)\" \/>\n            <source srcset=\"https:\/\/ferraritrento.preprod.g2k.it\/wp-content\/uploads\/2023\/10\/Villa-Margon-1-1.png\" media=\"(max-width: 640px)\" \/>\n            <img decoding=\"async\" src=\"https:\/\/ferraritrento.preprod.g2k.it\/wp-content\/uploads\/2023\/10\/Villa-Margon-1-1.png\" class=\"w-full !h-96 object-cover\"\n                alt=\"\">\n        <\/picture>\n        <div class=\"p-10 lg:mb-0 flex-1 \">\n            <div class=\"\">\n                <h4 class=\" uppercase py-5 \">\n                    VILLA MARGON\n                <\/h4>\n                <div class=\" mb-5 text-gray \">\n                    <p>Winery visit and final toast with Ferrari Perl\u00e9 Bianco and Ferrari Perl\u00e9 Nero Trentodoc<\/p>\n\n                <\/div>\n                <hr class=\"mb-8 \">\n                <div\n                    class=\"virtual-tour-btn flex justify-center sm:justify-end md:justify-center lg:justify-end\">\n                                                                \n\n                        <a href=\"https:\/\/ferraritrento.preprod.g2k.it\/visitaci\/percorso-del-bello-e-del-buono\/villa-margon\/\" target=\"\" data-text=\"Discover more\"     class=\"min-w-[220px] mb-4 btn-primary btn-primary-dark \">\r\n\r\n    <span class=\"\">\r\n        Discover more\r\n    <\/span>\r\n\r\n\r\n    \r\n<\/a>\r\n                                    <\/div>\n            <\/div>\n        <\/div>\n    <\/div>\n<\/div>\n                                    \n                    <div class=\" mb-10 overflow-hidden\">\n    <div class=\"h-full bg-white flex flex-col \">\n        <picture class=\"\">\n            <source srcset=\"https:\/\/ferraritrento.preprod.g2k.it\/wp-content\/uploads\/2023\/10\/Locanda-Margon.png\" media=\"(min-width: 1281px)\" \/>\n            <source srcset=\"https:\/\/ferraritrento.preprod.g2k.it\/wp-content\/uploads\/2023\/10\/Locanda-Margon.png\"\n                media=\"(min-width: 641px) and (max-width: 1280px)\" \/>\n            <source srcset=\"https:\/\/ferraritrento.preprod.g2k.it\/wp-content\/uploads\/2023\/10\/Locanda-Margon.png\" media=\"(max-width: 640px)\" \/>\n            <img decoding=\"async\" src=\"https:\/\/ferraritrento.preprod.g2k.it\/wp-content\/uploads\/2023\/10\/Locanda-Margon.png\" class=\"w-full !h-96 object-cover\"\n                alt=\"\">\n        <\/picture>\n        <div class=\"p-10 lg:mb-0 flex-1 \">\n            <div class=\"\">\n                <h4 class=\" uppercase py-5 \">\n                    LOCANDA MARGON\n                <\/h4>\n                <div class=\" mb-5 text-gray \">\n                    <p>Visit to the winery and final toast with Ferrari Maximum Blanc de Blancs NV Trentodoc and Ferrari Maximum Ros\u00e9 NV Trentodoc<\/p>\n\n                <\/div>\n                <hr class=\"mb-8 \">\n                <div\n                    class=\"virtual-tour-btn flex justify-center sm:justify-end md:justify-center lg:justify-end\">\n                                                                \n\n                        <a href=\"https:\/\/ferraritrento.preprod.g2k.it\/visitaci\/percorso-del-bello-e-del-buono\/villa-margon\/\" target=\"\" data-text=\"Discover more\"     class=\"min-w-[220px] mb-4 btn-primary btn-primary-dark \">\r\n\r\n    <span class=\"\">\r\n        Discover more\r\n    <\/span>\r\n\r\n\r\n    \r\n<\/a>\r\n                                    <\/div>\n            <\/div>\n        <\/div>\n    <\/div>\n<\/div>\n                            <\/div>\n        <\/div>\n    <\/div>\n<\/div>\n\n\n<div class=\"relative ImageFullWidth py-0\">\r\n        <picture>\r\n        <source srcset=\"https:\/\/ferraritrento.preprod.g2k.it\/wp-content\/uploads\/2023\/09\/MicrosoftTeams-image-18.jpg\" media=\"(min-width: 1281px)\" \/>\r\n        <source srcset=\"https:\/\/ferraritrento.preprod.g2k.it\/wp-content\/uploads\/2023\/09\/MicrosoftTeams-image-18.jpg\"\r\n            media=\"(min-width: 641px) and (max-width: 1280px)\" \/>\r\n        <source srcset=\"https:\/\/ferraritrento.preprod.g2k.it\/wp-content\/uploads\/2023\/09\/MicrosoftTeams-image-18.jpg\" media=\"(max-width: 640px)\" \/>\r\n        <img decoding=\"async\" src=\"https:\/\/ferraritrento.preprod.g2k.it\/wp-content\/uploads\/2023\/09\/MicrosoftTeams-image-18.jpg\" class=\"object-contain w-full   \"\r\n            alt=\"\">\r\n    <\/picture>\r\n<\/div>\r\n\r\n\n\n<div class=\"relative ImageFullWidth py-0\">\r\n        <picture>\r\n        <source srcset=\"\" media=\"(min-width: 1281px)\" \/>\r\n        <source srcset=\"\"\r\n            media=\"(min-width: 641px) and (max-width: 1280px)\" \/>\r\n        <source srcset=\"\" media=\"(max-width: 640px)\" \/>\r\n        <img decoding=\"async\" src=\"\" class=\"object-contain w-full   \"\r\n            alt=\"\">\r\n    <\/picture>\r\n<\/div>\r\n\r\n","protected":false},"excerpt":{"rendered":"","protected":false},"author":10,"featured_media":0,"parent":0,"menu_order":0,"comment_status":"closed","ping_status":"closed","template":"","meta":{"_acf_changed":false,"inline_featured_image":false,"footnotes":""},"acf":[],"yoast_head":"<!-- This site is optimized with the Yoast SEO plugin v22.7 - https:\/\/yoast.com\/wordpress\/plugins\/seo\/ -->\n<title>Paths through Beauty and Excellence - Ferrari Trento<\/title>\n<meta name=\"robots\" content=\"index, follow, max-snippet:-1, max-image-preview:large, max-video-preview:-1\" \/>\n<link rel=\"canonical\" href=\"https:\/\/ferraritrento.preprod.g2k.it\/en\/paths-through-beauty-and-excellence\/\" \/>\n<meta property=\"og:locale\" content=\"en_US\" \/>\n<meta property=\"og:type\" content=\"article\" \/>\n<meta property=\"og:title\" content=\"Paths through Beauty and Excellence - Ferrari Trento\" \/>\n<meta property=\"og:url\" content=\"https:\/\/ferraritrento.preprod.g2k.it\/en\/paths-through-beauty-and-excellence\/\" \/>\n<meta property=\"og:site_name\" content=\"Ferrari Trento\" \/>\n<meta property=\"article:modified_time\" content=\"2026-01-26T11:39:39+00:00\" \/>\n<meta name=\"twitter:card\" content=\"summary_large_image\" \/>\n<script type=\"application\/ld+json\" class=\"yoast-schema-graph\">{\"@context\":\"https:\/\/schema.org\",\"@graph\":[{\"@type\":\"WebPage\",\"@id\":\"https:\/\/ferraritrento.preprod.g2k.it\/en\/paths-through-beauty-and-excellence\/\",\"url\":\"https:\/\/ferraritrento.preprod.g2k.it\/en\/paths-through-beauty-and-excellence\/\",\"name\":\"Paths through Beauty and Excellence - Ferrari Trento\",\"isPartOf\":{\"@id\":\"http:\/\/ferraritrento23.loc:7888\/#website\"},\"datePublished\":\"2025-06-20T12:41:59+00:00\",\"dateModified\":\"2026-01-26T11:39:39+00:00\",\"breadcrumb\":{\"@id\":\"https:\/\/ferraritrento.preprod.g2k.it\/en\/paths-through-beauty-and-excellence\/#breadcrumb\"},\"inLanguage\":\"en\",\"potentialAction\":[{\"@type\":\"ReadAction\",\"target\":[\"https:\/\/ferraritrento.preprod.g2k.it\/en\/paths-through-beauty-and-excellence\/\"]}]},{\"@type\":\"BreadcrumbList\",\"@id\":\"https:\/\/ferraritrento.preprod.g2k.it\/en\/paths-through-beauty-and-excellence\/#breadcrumb\",\"itemListElement\":[{\"@type\":\"ListItem\",\"position\":1,\"name\":\"Home\",\"item\":\"https:\/\/ferraritrento.preprod.g2k.it\/en\/\"},{\"@type\":\"ListItem\",\"position\":2,\"name\":\"Paths through Beauty and Excellence\"}]},{\"@type\":\"WebSite\",\"@id\":\"http:\/\/ferraritrento23.loc:7888\/#website\",\"url\":\"http:\/\/ferraritrento23.loc:7888\/\",\"name\":\"Ferrari Trento\",\"description\":\"\",\"publisher\":{\"@id\":\"http:\/\/ferraritrento23.loc:7888\/#organization\"},\"potentialAction\":[{\"@type\":\"SearchAction\",\"target\":{\"@type\":\"EntryPoint\",\"urlTemplate\":\"http:\/\/ferraritrento23.loc:7888\/?s={search_term_string}\"},\"query-input\":\"required name=search_term_string\"}],\"inLanguage\":\"en\"},{\"@type\":\"Organization\",\"@id\":\"http:\/\/ferraritrento23.loc:7888\/#organization\",\"name\":\"Ferrari Trento\",\"url\":\"http:\/\/ferraritrento23.loc:7888\/\",\"logo\":{\"@type\":\"ImageObject\",\"inLanguage\":\"en\",\"@id\":\"http:\/\/ferraritrento23.loc:7888\/#\/schema\/logo\/image\/\",\"url\":\"https:\/\/ferraritrento.preprod.g2k.it\/wp-content\/uploads\/2023\/07\/logo_ferrari.svg\",\"contentUrl\":\"https:\/\/ferraritrento.preprod.g2k.it\/wp-content\/uploads\/2023\/07\/logo_ferrari.svg\",\"width\":173,\"height\":35,\"caption\":\"Ferrari Trento\"},\"image\":{\"@id\":\"http:\/\/ferraritrento23.loc:7888\/#\/schema\/logo\/image\/\"}}]}<\/script>\n<!-- \/ Yoast SEO plugin. -->","yoast_head_json":{"title":"Paths through Beauty and Excellence - Ferrari Trento","robots":{"index":"index","follow":"follow","max-snippet":"max-snippet:-1","max-image-preview":"max-image-preview:large","max-video-preview":"max-video-preview:-1"},"canonical":"https:\/\/ferraritrento.preprod.g2k.it\/en\/paths-through-beauty-and-excellence\/","og_locale":"en_US","og_type":"article","og_title":"Paths through Beauty and Excellence - Ferrari Trento","og_url":"https:\/\/ferraritrento.preprod.g2k.it\/en\/paths-through-beauty-and-excellence\/","og_site_name":"Ferrari Trento","article_modified_time":"2026-01-26T11:39:39+00:00","twitter_card":"summary_large_image","schema":{"@context":"https:\/\/schema.org","@graph":[{"@type":"WebPage","@id":"https:\/\/ferraritrento.preprod.g2k.it\/en\/paths-through-beauty-and-excellence\/","url":"https:\/\/ferraritrento.preprod.g2k.it\/en\/paths-through-beauty-and-excellence\/","name":"Paths through Beauty and Excellence - Ferrari Trento","isPartOf":{"@id":"http:\/\/ferraritrento23.loc:7888\/#website"},"datePublished":"2025-06-20T12:41:59+00:00","dateModified":"2026-01-26T11:39:39+00:00","breadcrumb":{"@id":"https:\/\/ferraritrento.preprod.g2k.it\/en\/paths-through-beauty-and-excellence\/#breadcrumb"},"inLanguage":"en","potentialAction":[{"@type":"ReadAction","target":["https:\/\/ferraritrento.preprod.g2k.it\/en\/paths-through-beauty-and-excellence\/"]}]},{"@type":"BreadcrumbList","@id":"https:\/\/ferraritrento.preprod.g2k.it\/en\/paths-through-beauty-and-excellence\/#breadcrumb","itemListElement":[{"@type":"ListItem","position":1,"name":"Home","item":"https:\/\/ferraritrento.preprod.g2k.it\/en\/"},{"@type":"ListItem","position":2,"name":"Paths through Beauty and Excellence"}]},{"@type":"WebSite","@id":"http:\/\/ferraritrento23.loc:7888\/#website","url":"http:\/\/ferraritrento23.loc:7888\/","name":"Ferrari Trento","description":"","publisher":{"@id":"http:\/\/ferraritrento23.loc:7888\/#organization"},"potentialAction":[{"@type":"SearchAction","target":{"@type":"EntryPoint","urlTemplate":"http:\/\/ferraritrento23.loc:7888\/?s={search_term_string}"},"query-input":"required name=search_term_string"}],"inLanguage":"en"},{"@type":"Organization","@id":"http:\/\/ferraritrento23.loc:7888\/#organization","name":"Ferrari Trento","url":"http:\/\/ferraritrento23.loc:7888\/","logo":{"@type":"ImageObject","inLanguage":"en","@id":"http:\/\/ferraritrento23.loc:7888\/#\/schema\/logo\/image\/","url":"https:\/\/ferraritrento.preprod.g2k.it\/wp-content\/uploads\/2023\/07\/logo_ferrari.svg","contentUrl":"https:\/\/ferraritrento.preprod.g2k.it\/wp-content\/uploads\/2023\/07\/logo_ferrari.svg","width":173,"height":35,"caption":"Ferrari Trento"},"image":{"@id":"http:\/\/ferraritrento23.loc:7888\/#\/schema\/logo\/image\/"}}]}},"_links":{"self":[{"href":"https:\/\/ferraritrento.preprod.g2k.it\/en\/wp-json\/wp\/v2\/pages\/128327"}],"collection":[{"href":"https:\/\/ferraritrento.preprod.g2k.it\/en\/wp-json\/wp\/v2\/pages"}],"about":[{"href":"https:\/\/ferraritrento.preprod.g2k.it\/en\/wp-json\/wp\/v2\/types\/page"}],"author":[{"embeddable":true,"href":"https:\/\/ferraritrento.preprod.g2k.it\/en\/wp-json\/wp\/v2\/users\/10"}],"replies":[{"embeddable":true,"href":"https:\/\/ferraritrento.preprod.g2k.it\/en\/wp-json\/wp\/v2\/comments?post=128327"}],"version-history":[{"count":0,"href":"https:\/\/ferraritrento.preprod.g2k.it\/en\/wp-json\/wp\/v2\/pages\/128327\/revisions"}],"wp:attachment":[{"href":"https:\/\/ferraritrento.preprod.g2k.it\/en\/wp-json\/wp\/v2\/media?parent=128327"}],"curies":[{"name":"wp","href":"https:\/\/api.w.org\/{rel}","templated":true}]}}